{"id":658,"date":"2025-10-12T05:28:08","date_gmt":"2025-10-12T05:28:08","guid":{"rendered":"https:\/\/rodriguezcatering.com.ar\/demo4\/?post_type=product&#038;p=658"},"modified":"2025-10-12T05:28:08","modified_gmt":"2025-10-12T05:28:08","slug":"departamento-monoambiente-en-adrogue","status":"publish","type":"product","link":"https:\/\/rodriguezcatering.com.ar\/demo4\/producto\/departamento-monoambiente-en-adrogue\/","title":{"rendered":"Departamento Monoambiente en Adrogu\u00e9"},"content":{"rendered":"","protected":false},"excerpt":{"rendered":"<p>Ideal para estudiantes o parejas j\u00f3venes. Cocina integrada, ba\u00f1o completo y balc\u00f3n interno.<br data-start=\"1317\" data-end=\"1320\" \/>Ubicado a pasos del <strong data-start=\"1340\" data-end=\"1370\">Boulevard Shopping Adrogu\u00e9<\/strong>, <strong data-start=\"1372\" data-end=\"1389\">Colegio Luj\u00e1n<\/strong> y <strong data-start=\"1392\" data-end=\"1407\">Plaza Brown<\/strong>, con r\u00e1pido acceso al <strong data-start=\"1430\" data-end=\"1443\">Tren Roca<\/strong>.<\/p>\n","protected":false},"featured_media":660,"template":"","meta":{"site-sidebar-layout":"default","site-content-layout":"","ast-site-content-layout":"default","site-content-style":"default","site-sidebar-style":"default","ast-global-header-display":"","ast-banner-title-visibility":"","ast-main-header-display":"","ast-hfb-above-header-display":"","ast-hfb-below-header-display":"","ast-hfb-mobile-header-display":"","site-post-title":"","ast-breadcrumbs-content":"","ast-featured-img":"","footer-sml-layout":"","ast-disable-related-posts":"","theme-transparent-header-meta":"default","adv-header-id-meta":"","stick-header-meta":"","header-above-stick-meta":"","header-main-stick-meta":"","header-below-stick-meta":"","astra-migrate-meta-layouts":"set","ast-page-background-enabled":"default","ast-page-background-meta":{"desktop":{"background-color":"var(--ast-global-color-4)","background-image":"","background-repeat":"repeat","background-position":"center center","background-size":"auto","background-attachment":"scroll","background-type":"","background-media":"","overlay-type":"","overlay-color":"","overlay-opacity":"","overlay-gradient":""},"tablet":{"background-color":"","background-image":"","background-repeat":"repeat","background-position":"center center","background-size":"auto","background-attachment":"scroll","background-type":"","background-media":"","overlay-type":"","overlay-color":"","overlay-opacity":"","overlay-gradient":""},"mobile":{"background-color":"","background-image":"","background-repeat":"repeat","background-position":"center center","background-size":"auto","background-attachment":"scroll","background-type":"","background-media":"","overlay-type":"","overlay-color":"","overlay-opacity":"","overlay-gradient":""}},"ast-content-background-meta":{"desktop":{"background-color":"var(--ast-global-color-5)","background-image":"","background-repeat":"repeat","background-position":"center center","background-size":"auto","background-attachment":"scroll","background-type":"","background-media":"","overlay-type":"","overlay-color":"","overlay-opacity":"","overlay-gradient":""},"tablet":{"background-color":"var(--ast-global-color-5)","background-image":"","background-repeat":"repeat","background-position":"center center","background-size":"auto","background-attachment":"scroll","background-type":"","background-media":"","overlay-type":"","overlay-color":"","overlay-opacity":"","overlay-gradient":""},"mobile":{"background-color":"var(--ast-global-color-5)","background-image":"","background-repeat":"repeat","background-position":"center center","background-size":"auto","background-attachment":"scroll","background-type":"","background-media":"","overlay-type":"","overlay-color":"","overlay-opacity":"","overlay-gradient":""}},"_joinchat":[]},"product_brand":[],"product_cat":[18],"product_tag":[],"class_list":{"0":"post-658","1":"product","2":"type-product","3":"status-publish","4":"has-post-thumbnail","6":"product_cat-venta","7":"desktop-align-left","8":"tablet-align-left","9":"mobile-align-left","11":"first","12":"instock","13":"shipping-taxable","14":"purchasable","15":"product-type-simple"},"_links":{"self":[{"href":"https:\/\/rodriguezcatering.com.ar\/demo4\/wp-json\/wp\/v2\/product\/658","targetHints":{"allow":["GET"]}}],"collection":[{"href":"https:\/\/rodriguezcatering.com.ar\/demo4\/wp-json\/wp\/v2\/product"}],"about":[{"href":"https:\/\/rodriguezcatering.com.ar\/demo4\/wp-json\/wp\/v2\/types\/product"}],"wp:featuredmedia":[{"embeddable":true,"href":"https:\/\/rodriguezcatering.com.ar\/demo4\/wp-json\/wp\/v2\/media\/660"}],"wp:attachment":[{"href":"https:\/\/rodriguezcatering.com.ar\/demo4\/wp-json\/wp\/v2\/media?parent=658"}],"wp:term":[{"taxonomy":"product_brand","embeddable":true,"href":"https:\/\/rodriguezcatering.com.ar\/demo4\/wp-json\/wp\/v2\/product_brand?post=658"},{"taxonomy":"product_cat","embeddable":true,"href":"https:\/\/rodriguezcatering.com.ar\/demo4\/wp-json\/wp\/v2\/product_cat?post=658"},{"taxonomy":"product_tag","embeddable":true,"href":"https:\/\/rodriguezcatering.com.ar\/demo4\/wp-json\/wp\/v2\/product_tag?post=658"}],"curies":[{"name":"wp","href":"https:\/\/api.w.org\/{rel}","templated":true}]}}