{"id":10,"date":"2024-10-30T02:45:16","date_gmt":"2024-10-30T02:45:16","guid":{"rendered":"https:\/\/rodriguezcatering.com.ar\/demo4\/?page_id=10"},"modified":"2026-04-02T21:52:06","modified_gmt":"2026-04-02T21:52:06","slug":"servicios","status":"publish","type":"page","link":"https:\/\/rodriguezcatering.com.ar\/demo4\/servicios\/","title":{"rendered":"Servicios"},"content":{"rendered":"\t\t<div data-elementor-type=\"wp-page\" data-elementor-id=\"10\" class=\"elementor elementor-10\">\n\t\t\t\t<div class=\"elementor-element elementor-element-71e0c7b8 e-flex e-con-boxed e-con e-parent\" data-id=\"71e0c7b8\" data-element_type=\"container\" data-e-type=\"container\" data-settings=\"{&quot;background_background&quot;:&quot;classic&quot;}\">\n\t\t\t\t\t<div class=\"e-con-inner\">\n\t\t\t\t<div class=\"elementor-element elementor-element-347d8590 elementor-widget elementor-widget-heading\" data-id=\"347d8590\" data-element_type=\"widget\" data-e-type=\"widget\" data-widget_type=\"heading.default\">\n\t\t\t\t<div class=\"elementor-widget-container\">\n\t\t\t\t\t<h2 class=\"elementor-heading-title elementor-size-default\">Servicios<\/h2>\t\t\t\t<\/div>\n\t\t\t\t<\/div>\n\t\t\t\t\t<\/div>\n\t\t\t\t<\/div>\n\t\t<div class=\"elementor-element elementor-element-281c5c6 verde e-flex e-con-boxed e-con e-parent\" data-id=\"281c5c6\" data-element_type=\"container\" data-e-type=\"container\">\n\t\t\t\t\t<div class=\"e-con-inner\">\n\t\t\t\t<div class=\"elementor-element elementor-element-48f50059 elementor-widget elementor-widget-heading\" data-id=\"48f50059\" data-element_type=\"widget\" data-e-type=\"widget\" data-widget_type=\"heading.default\">\n\t\t\t\t<div class=\"elementor-widget-container\">\n\t\t\t\t\t<h3 class=\"elementor-heading-title elementor-size-default\">\u00bfCu\u00e1l es el verdadero valor de tu propiedad?<\/h3>\t\t\t\t<\/div>\n\t\t\t\t<\/div>\n\t\t\t\t<div class=\"elementor-element elementor-element-d7fee3f elementor-widget elementor-widget-heading\" data-id=\"d7fee3f\" data-element_type=\"widget\" data-e-type=\"widget\" data-widget_type=\"heading.default\">\n\t\t\t\t<div class=\"elementor-widget-container\">\n\t\t\t\t\t<h2 class=\"elementor-heading-title elementor-size-default\">En Exempla, no solo tasamos tu inmueble; te entregamos un an\u00e1lisis estrat\u00e9gico que maximiza tu inversi\u00f3n y te da tranquilidad.<\/h2>\t\t\t\t<\/div>\n\t\t\t\t<\/div>\n\t\t\t\t\t<\/div>\n\t\t\t\t<\/div>\n\t\t<div class=\"elementor-element elementor-element-aab3ea0 e-flex e-con-boxed e-con e-parent\" data-id=\"aab3ea0\" data-element_type=\"container\" data-e-type=\"container\" data-settings=\"{&quot;background_background&quot;:&quot;classic&quot;}\">\n\t\t\t\t\t<div class=\"e-con-inner\">\n\t\t<div class=\"elementor-element elementor-element-50df4ef e-con-full e-flex e-con e-child\" data-id=\"50df4ef\" data-element_type=\"container\" data-e-type=\"container\">\n\t\t\t\t<div class=\"elementor-element elementor-element-87243cb elementor-widget elementor-widget-text-editor\" data-id=\"87243cb\" data-element_type=\"widget\" data-e-type=\"widget\" data-widget_type=\"text-editor.default\">\n\t\t\t\t<div class=\"elementor-widget-container\">\n\t\t\t\t\t\t\t\t\t<p>Saber el valor preciso de tu propiedad es la decisi\u00f3n m\u00e1s importante y la base de cualquier operaci\u00f3n inmobiliaria exitosa. <br \/>Una tasaci\u00f3n no es simplemente un n\u00famero; es una herramienta de negociaci\u00f3n poderosa, una br\u00fajula para fijar un precio de venta competitivo o un valor de alquiler justo.<\/p>\t\t\t\t\t\t\t\t<\/div>\n\t\t\t\t<\/div>\n\t\t\t\t<\/div>\n\t\t<div class=\"elementor-element elementor-element-d9e2ba4 e-con-full e-flex e-con e-child\" data-id=\"d9e2ba4\" data-element_type=\"container\" data-e-type=\"container\">\n\t\t\t\t<div class=\"elementor-element elementor-element-8f1d710 elementor-widget elementor-widget-text-editor\" data-id=\"8f1d710\" data-element_type=\"widget\" data-e-type=\"widget\" data-widget_type=\"text-editor.default\">\n\t\t\t\t<div class=\"elementor-widget-container\">\n\t\t\t\t\t\t\t\t\t<p>Una valoraci\u00f3n incorrecta puede significar dejar dinero sobre la mesa o, por el contrario, que tu propiedad permanezca mucho tiempo en el mercado. En\u00a0<strong>Exempla<\/strong>, eliminamos las conjeturas. Nuestro servicio de tasaci\u00f3n profesional combina la metodolog\u00eda m\u00e1s avanzada con el conocimiento profundo del mercado de Buenos Aires para darte una valoraci\u00f3n precisa, respaldada por datos y estrategia.<\/p>\t\t\t\t\t\t\t\t<\/div>\n\t\t\t\t<\/div>\n\t\t\t\t<\/div>\n\t\t\t\t\t<\/div>\n\t\t\t\t<\/div>\n\t\t<div class=\"elementor-element elementor-element-81b7152 e-flex e-con-boxed e-con e-parent\" data-id=\"81b7152\" data-element_type=\"container\" data-e-type=\"container\">\n\t\t\t\t\t<div class=\"e-con-inner\">\n\t\t\t\t<div class=\"elementor-element elementor-element-d112c6e elementor-widget elementor-widget-heading\" data-id=\"d112c6e\" data-element_type=\"widget\" data-e-type=\"widget\" data-widget_type=\"heading.default\">\n\t\t\t\t<div class=\"elementor-widget-container\">\n\t\t\t\t\t<h4 class=\"elementor-heading-title elementor-size-default\">\u00bfPor qu\u00e9 elegir a Exempla para tu tasaci\u00f3n?<\/h4>\t\t\t\t<\/div>\n\t\t\t\t<\/div>\n\t\t\t\t<div class=\"elementor-element elementor-element-f78633f elementor-widget elementor-widget-text-editor\" data-id=\"f78633f\" data-element_type=\"widget\" data-e-type=\"widget\" data-widget_type=\"text-editor.default\">\n\t\t\t\t<div class=\"elementor-widget-container\">\n\t\t\t\t\t\t\t\t\t<p>En un mercado saturado de opiniones, ofrecemos certeza. Estas son las ventajas que nos diferencian:<\/p>\t\t\t\t\t\t\t\t<\/div>\n\t\t\t\t<\/div>\n\t\t\t\t\t<\/div>\n\t\t\t\t<\/div>\n\t\t<div class=\"elementor-element elementor-element-ad93e8a e-flex e-con-boxed e-con e-parent\" data-id=\"ad93e8a\" data-element_type=\"container\" data-e-type=\"container\">\n\t\t\t\t\t<div class=\"e-con-inner\">\n\t\t<div class=\"elementor-element elementor-element-7cd0ce0 e-con-full e-flex e-con e-child\" data-id=\"7cd0ce0\" data-element_type=\"container\" data-e-type=\"container\" data-settings=\"{&quot;background_background&quot;:&quot;classic&quot;}\">\n\t\t\t\t<div class=\"elementor-element elementor-element-85de8cf elementor-widget elementor-widget-text-editor\" data-id=\"85de8cf\" data-element_type=\"widget\" data-e-type=\"widget\" data-widget_type=\"text-editor.default\">\n\t\t\t\t<div class=\"elementor-widget-container\">\n\t\t\t\t\t\t\t\t\t<p><strong>Metodolog\u00eda H\u00edbrida de Vanguardia:<\/strong><br \/>No nos conformamos con datos obsoletos. Combinamos\u00a0<strong>an\u00e1lisis de inteligencia de mercado<\/strong>\u00a0(estudiando ventas comparables y tendencias en tiempo real) con una\u00a0<strong>inspecci\u00f3n ocular exhaustiva<\/strong>\u00a0de tu propiedad. Evaluamos cada detalle: estado de la construcci\u00f3n, calidad de los materiales, orientaci\u00f3n, luminosidad y potencial de valorizaci\u00f3n.<\/p>\t\t\t\t\t\t\t\t<\/div>\n\t\t\t\t<\/div>\n\t\t\t\t<\/div>\n\t\t<div class=\"elementor-element elementor-element-d7b57a9 e-con-full e-flex e-con e-child\" data-id=\"d7b57a9\" data-element_type=\"container\" data-e-type=\"container\" data-settings=\"{&quot;background_background&quot;:&quot;classic&quot;}\">\n\t\t\t\t<div class=\"elementor-element elementor-element-61d4046 elementor-widget elementor-widget-text-editor\" data-id=\"61d4046\" data-element_type=\"widget\" data-e-type=\"widget\" data-widget_type=\"text-editor.default\">\n\t\t\t\t<div class=\"elementor-widget-container\">\n\t\t\t\t\t\t\t\t\t<p><strong>Consultor\u00eda de Valor A\u00f1adido:<\/strong><br \/>Recibir\u00e1s mucho m\u00e1s que un informe PDF. Te entregamos un\u00a0<strong>an\u00e1lisis estrat\u00e9gico<\/strong>\u00a0con recomendaciones espec\u00edficas y accionables para aumentar el valor de tu inmueble antes de salir al mercado. Te decimos\u00a0<em>qu\u00e9<\/em>\u00a0mejorar y\u00a0<em>cu\u00e1nto<\/em>\u00a0valor potencial puedes ganar.<\/p>\t\t\t\t\t\t\t\t<\/div>\n\t\t\t\t<\/div>\n\t\t\t\t<\/div>\n\t\t<div class=\"elementor-element elementor-element-1d92d8d e-con-full e-flex e-con e-child\" data-id=\"1d92d8d\" data-element_type=\"container\" data-e-type=\"container\" data-settings=\"{&quot;background_background&quot;:&quot;classic&quot;}\">\n\t\t\t\t<div class=\"elementor-element elementor-element-041e221 elementor-widget elementor-widget-text-editor\" data-id=\"041e221\" data-element_type=\"widget\" data-e-type=\"widget\" data-widget_type=\"text-editor.default\">\n\t\t\t\t<div class=\"elementor-widget-container\">\n\t\t\t\t\t\t\t\t\t<p><strong>Expertos Hyper-Locales:<\/strong><br \/>Nuestro equipo no solo son licenciados en tasaciones; son\u00a0<strong>especialistas en barrios<\/strong>. Conocemos las nuances de cada zona de Buenos Aires, desde la din\u00e1mica de precios de Palermo hasta la demanda espec\u00edfica de Belgrano. Esta expertise local es un valor imposible de replicar para herramientas automatizadas.<\/p>\t\t\t\t\t\t\t\t<\/div>\n\t\t\t\t<\/div>\n\t\t\t\t<\/div>\n\t\t<div class=\"elementor-element elementor-element-9bb12e1 e-con-full e-flex e-con e-child\" data-id=\"9bb12e1\" data-element_type=\"container\" data-e-type=\"container\" data-settings=\"{&quot;background_background&quot;:&quot;classic&quot;}\">\n\t\t\t\t<div class=\"elementor-element elementor-element-28ad9be elementor-widget elementor-widget-text-editor\" data-id=\"28ad9be\" data-element_type=\"widget\" data-e-type=\"widget\" data-widget_type=\"text-editor.default\">\n\t\t\t\t<div class=\"elementor-widget-container\">\n\t\t\t\t\t\t\t\t\t<p><strong>Transparencia Total:<\/strong><br \/>Creemos en la claridad absoluta. Explicamos de forma sencilla c\u00f3mo llegamos al valor final, mostr\u00e1ndote los datos y comparables que sustentan nuestra conclusi\u00f3n. No hay sorpresas ni comisiones ocultas.<\/p>\t\t\t\t\t\t\t\t<\/div>\n\t\t\t\t<\/div>\n\t\t\t\t<\/div>\n\t\t<div class=\"elementor-element elementor-element-d45f0cb e-con-full e-flex e-con e-child\" data-id=\"d45f0cb\" data-element_type=\"container\" data-e-type=\"container\" data-settings=\"{&quot;background_background&quot;:&quot;classic&quot;}\">\n\t\t\t\t<div class=\"elementor-element elementor-element-d305931 elementor-widget elementor-widget-text-editor\" data-id=\"d305931\" data-element_type=\"widget\" data-e-type=\"widget\" data-widget_type=\"text-editor.default\">\n\t\t\t\t<div class=\"elementor-widget-container\">\n\t\t\t\t\t\t\t\t\t<p><strong>Informe con Enfoque Comercial:<\/strong><br \/>Nuestro reporte final est\u00e1 dise\u00f1ado para ser tu mejor aliado comercial. Incluye no solo el valor, sino tambi\u00e9n un\u00a0<strong>an\u00e1lisis de mercado actual<\/strong>, el perfil de comprador ideal para tu propiedad y recomendaciones de marketing para una venta o alquiler m\u00e1s r\u00e1pido y rentable.<\/p>\t\t\t\t\t\t\t\t<\/div>\n\t\t\t\t<\/div>\n\t\t\t\t<\/div>\n\t\t\t\t\t<\/div>\n\t\t\t\t<\/div>\n\t\t<div class=\"elementor-element elementor-element-5a7ee3c e-flex e-con-boxed e-con e-parent\" data-id=\"5a7ee3c\" data-element_type=\"container\" data-e-type=\"container\" data-settings=\"{&quot;background_background&quot;:&quot;gradient&quot;}\">\n\t\t\t\t\t<div class=\"e-con-inner\">\n\t\t<div class=\"elementor-element elementor-element-28801e1d e-con-full e-flex e-con e-child\" data-id=\"28801e1d\" data-element_type=\"container\" data-e-type=\"container\">\n\t\t\t\t<div class=\"elementor-element elementor-element-224021ec elementor-widget elementor-widget-heading\" data-id=\"224021ec\" data-element_type=\"widget\" data-e-type=\"widget\" data-widget_type=\"heading.default\">\n\t\t\t\t<div class=\"elementor-widget-container\">\n\t\t\t\t\t<h5 class=\"elementor-heading-title elementor-size-default\">\u00bfListo para tomar decisiones con seguridad?<\/h5>\t\t\t\t<\/div>\n\t\t\t\t<\/div>\n\t\t\t\t<div class=\"elementor-element elementor-element-c93802c elementor-widget elementor-widget-text-editor\" data-id=\"c93802c\" data-element_type=\"widget\" data-e-type=\"widget\" data-widget_type=\"text-editor.default\">\n\t\t\t\t<div class=\"elementor-widget-container\">\n\t\t\t\t\t\t\t\t\t<p><em>Un especialista de Exempla se contactar\u00e1 a la brevedad para coordinar una visita y comenzar a desbloquear el m\u00e1ximo potencial de tu propiedad.<\/em><\/p>\t\t\t\t\t\t\t\t<\/div>\n\t\t\t\t<\/div>\n\t\t\t\t<div class=\"elementor-element elementor-element-1e5afd0 elementor-align-center elementor-widget elementor-widget-button\" data-id=\"1e5afd0\" data-element_type=\"widget\" data-e-type=\"widget\" data-widget_type=\"button.default\">\n\t\t\t\t<div class=\"elementor-widget-container\">\n\t\t\t\t\t\t\t\t\t<div class=\"elementor-button-wrapper\">\n\t\t\t\t\t<a class=\"elementor-button elementor-button-link elementor-size-sm\" href=\"#\">\n\t\t\t\t\t\t<span class=\"elementor-button-content-wrapper\">\n\t\t\t\t\t\t\t\t\t<span class=\"elementor-button-text\">Solicita Tu Tasaci\u00f3n Gratuita y Sin Compromiso<\/span>\n\t\t\t\t\t<\/span>\n\t\t\t\t\t<\/a>\n\t\t\t\t<\/div>\n\t\t\t\t\t\t\t\t<\/div>\n\t\t\t\t<\/div>\n\t\t\t\t<\/div>\n\t\t<div class=\"elementor-element elementor-element-27c9117e e-con-full e-flex e-con e-child\" data-id=\"27c9117e\" data-element_type=\"container\" data-e-type=\"container\" data-settings=\"{&quot;background_background&quot;:&quot;classic&quot;}\">\n\t\t\t\t<\/div>\n\t\t\t\t\t<\/div>\n\t\t\t\t<\/div>\n\t\t\t\t<\/div>\n\t\t","protected":false},"excerpt":{"rendered":"<p>Servicios \u00bfCu\u00e1l es el verdadero valor de tu propiedad? En Exempla, no solo tasamos tu inmueble; te entregamos un an\u00e1lisis [&hellip;]<\/p>\n","protected":false},"author":2,"featured_media":0,"parent":0,"menu_order":0,"comment_status":"closed","ping_status":"closed","template":"","meta":{"site-sidebar-layout":"no-sidebar","site-content-layout":"","ast-site-content-layout":"full-width-container","site-content-style":"default","site-sidebar-style":"default","ast-global-header-display":"","ast-banner-title-visibility":"","ast-main-header-display":"","ast-hfb-above-header-display":"","ast-hfb-below-header-display":"","ast-hfb-mobile-header-display":"","site-post-title":"disabled","ast-breadcrumbs-content":"","ast-featured-img":"disabled","footer-sml-layout":"","ast-disable-related-posts":"","theme-transparent-header-meta":"","adv-header-id-meta":"","stick-header-meta":"","header-above-stick-meta":"","header-main-stick-meta":"","header-below-stick-meta":"","astra-migrate-meta-layouts":"default","ast-page-background-enabled":"default","ast-page-background-meta":{"desktop":{"background-color":"var(--ast-global-color-4)","background-image":"","background-repeat":"repeat","background-position":"center center","background-size":"auto","background-attachment":"scroll","background-type":"","background-media":"","overlay-type":"","overlay-color":"","overlay-opacity":"","overlay-gradient":""},"tablet":{"background-color":"","background-image":"","background-repeat":"repeat","background-position":"center center","background-size":"auto","background-attachment":"scroll","background-type":"","background-media":"","overlay-type":"","overlay-color":"","overlay-opacity":"","overlay-gradient":""},"mobile":{"background-color":"","background-image":"","background-repeat":"repeat","background-position":"center center","background-size":"auto","background-attachment":"scroll","background-type":"","background-media":"","overlay-type":"","overlay-color":"","overlay-opacity":"","overlay-gradient":""}},"ast-content-background-meta":{"desktop":{"background-color":"var(--ast-global-color-5)","background-image":"","background-repeat":"repeat","background-position":"center center","background-size":"auto","background-attachment":"scroll","background-type":"","background-media":"","overlay-type":"","overlay-color":"","overlay-opacity":"","overlay-gradient":""},"tablet":{"background-color":"var(--ast-global-color-5)","background-image":"","background-repeat":"repeat","background-position":"center center","background-size":"auto","background-attachment":"scroll","background-type":"","background-media":"","overlay-type":"","overlay-color":"","overlay-opacity":"","overlay-gradient":""},"mobile":{"background-color":"var(--ast-global-color-5)","background-image":"","background-repeat":"repeat","background-position":"center center","background-size":"auto","background-attachment":"scroll","background-type":"","background-media":"","overlay-type":"","overlay-color":"","overlay-opacity":"","overlay-gradient":""}},"_joinchat":[],"footnotes":""},"class_list":["post-10","page","type-page","status-publish","hentry"],"_links":{"self":[{"href":"https:\/\/rodriguezcatering.com.ar\/demo4\/wp-json\/wp\/v2\/pages\/10","targetHints":{"allow":["GET"]}}],"collection":[{"href":"https:\/\/rodriguezcatering.com.ar\/demo4\/wp-json\/wp\/v2\/pages"}],"about":[{"href":"https:\/\/rodriguezcatering.com.ar\/demo4\/wp-json\/wp\/v2\/types\/page"}],"author":[{"embeddable":true,"href":"https:\/\/rodriguezcatering.com.ar\/demo4\/wp-json\/wp\/v2\/users\/2"}],"replies":[{"embeddable":true,"href":"https:\/\/rodriguezcatering.com.ar\/demo4\/wp-json\/wp\/v2\/comments?post=10"}],"version-history":[{"count":70,"href":"https:\/\/rodriguezcatering.com.ar\/demo4\/wp-json\/wp\/v2\/pages\/10\/revisions"}],"predecessor-version":[{"id":1021,"href":"https:\/\/rodriguezcatering.com.ar\/demo4\/wp-json\/wp\/v2\/pages\/10\/revisions\/1021"}],"wp:attachment":[{"href":"https:\/\/rodriguezcatering.com.ar\/demo4\/wp-json\/wp\/v2\/media?parent=10"}],"curies":[{"name":"wp","href":"https:\/\/api.w.org\/{rel}","templated":true}]}}